{"id":9,"date":"2016-06-27T16:13:17","date_gmt":"2016-06-27T16:13:17","guid":{"rendered":"http:\/\/groupeforgetpoly.dev\/?page_id=9"},"modified":"2017-01-31T20:54:22","modified_gmt":"2017-01-31T20:54:22","slug":"find-a-clinic","status":"publish","type":"page","link":"https:\/\/www.polycliniquedeloreille.com\/en\/find-a-clinic","title":{"rendered":"Find a clinic"},"content":{"rendered":"\t<ul class=\"tabs\" data-tabs id=\"locator-tabs\" >\r\n\t\t<div data-equalizer class=\"late-equalizer\">\r\n\t\t  \t<li class=\"tabs-title is-active\" data-equalizer-watch><div class=\"triangle-top-left\"><\/div><a href=\"#locator-nearby\" aria-selected=\"true\">Find a clinic nearby<\/a><\/li>\r\n\t\t  \t<li class=\"tabs-title\" data-equalizer-watch><div class=\"triangle-top-left\"><\/div><a href=\"#locator-region\">Find a clinic by region<\/a><\/li>\r\n\t\t<\/div>\r\n\t<\/ul>\r\n\t<div id=\"wpsl-wrap\" class=\"tabs-content\" data-tabs-content=\"locator-tabs\">\r\n\t\t\r\n\t\t<div class=\"wpsl-search wpsl-clearfix wpsl-filter\">\r\n\t\t\t<div id=\"wpsl-search-wrap\">\r\n\t\t\t\t<div class=\"row\">\r\n\t\t\t\t\t<form autocomplete=\"off\">\r\n\t\t\t\t\t\t\r\n\t\t\t\t\t\t\t<div id=\"locator-nearby\" class=\"tabs-panel is-active valign-bottom\">\r\n\t\t\t\t\t\t\t\t<div class=\"wpsl-input valign-bottom\" id=\"locator-location\">\r\n\t\t\t\t\t\t\t\t\t<div>\r\n\t\t\t\t\t\t\t\t\t\t<label for=\"wpsl-search-input\">\r\n\t\t\t\t\t\t\t\t\t\t\tYour location\t\t\t\t\t\t\t\t\t\t<\/label>\r\n\t\t\t\t\t\t\t\t\t<\/div>\r\n\t\t\t\t\t\t\t\t\t<input id=\"wpsl-search-input\"\r\n\t\t\t\t\t\t\t\t\t       type=\"text\"\r\n\t\t\t\t\t\t\t\t\t       value=\"\"\r\n\t\t\t\t\t\t\t\t\t       name=\"wpsl-search-input\"\r\n\t\t\t\t\t\t\t\t\t       placeholder=\"Enter your address or postal code\" aria-required=\"true\"\/>\r\n\t\t\t\t\t\t\t\t<\/div>\r\n\r\n\t\t\t\t\t\t\t\t<div class=\"wpsl-input\" id=\"locator-current\">\r\n\t\t\t\t\t\t\t\t\t<span class=\"wpsl-icon-direction\">\r\n\t\t\t\t\t\t\t\t\t\t<i aria-hidden=\"true\"><\/i>\r\n\t\t\t\t\t\t\t\t\t\t<p>Use my<br>current position<\/p>\r\n\t\t\t\t\t\t\t\t\t<\/span>\r\n\t\t\t\t\t\t\t\t<\/div>\r\n\t\t\t\t\t\t\t<\/div>\r\n\r\n\t\t\t\t\t\t\t<div id=\"locator-region\" class=\"tabs-panel valign-middle\">\t\r\n\t\t\t\t\t\t\t\t<div class=\"wpsl-input\">\r\n\t\t\t\t\t\t\t\t\t<ul id=\"wpsl-region-filter\" class=\"wpsl-checkbox-3-columns\"><div class=\"row\"><div class=\"columns small-6 medium-4\"><li><label><input type=\"checkbox\" value=\"49\"  \/>Capitale nationale&nbsp;<span>(7)<\/span><\/label><\/li><li><label><input type=\"checkbox\" value=\"50\"  \/>Centre-du-Qu\u00e9bec&nbsp;<span>(2)<\/span><\/label><\/li><li><label><input type=\"checkbox\" value=\"51\"  \/>Chaudi\u00e8res-Appalaches&nbsp;<span>(2)<\/span><\/label><\/li><li><label><input type=\"checkbox\" value=\"52\"  \/>C\u00f4te-Nord&nbsp;<span>(2)<\/span><\/label><\/li><li><label><input type=\"checkbox\" value=\"53\"  \/>Estrie&nbsp;<span>(2)<\/span><\/label><\/li><li><label><input type=\"checkbox\" value=\"54\"  \/>Gasp\u00e9sie-\u00celes-de-la-Madeleine&nbsp;<span>(4)<\/span><\/label><\/li><\/div><div class=\"columns small-6 medium-4\"><li><label><input type=\"checkbox\" value=\"55\"  \/>Lanaudi\u00e8re&nbsp;<span>(2)<\/span><\/label><\/li><li><label><input type=\"checkbox\" value=\"56\"  \/>Laurentides&nbsp;<span>(7)<\/span><\/label><\/li><li><label><input type=\"checkbox\" value=\"57\"  \/>Laval&nbsp;<span>(2)<\/span><\/label><\/li><li><label><input type=\"checkbox\" value=\"58\"  \/>Mauricie&nbsp;<span>(2)<\/span><\/label><\/li><li><label><input type=\"checkbox\" value=\"59\"  \/>Mont\u00e9r\u00e9gie&nbsp;<span>(13)<\/span><\/label><\/li><\/div><div class=\"columns small-6 small-centered medium-4\"><li><label><input type=\"checkbox\" value=\"60\"  \/>Montr\u00e9al&nbsp;<span>(9)<\/span><\/label><\/li><li><label><input type=\"checkbox\" value=\"61\"  \/>Nord-du-Qu\u00e9bec&nbsp;<span>(1)<\/span><\/label><\/li><li><label><input type=\"checkbox\" value=\"62\"  \/>Outaouais&nbsp;<span>(6)<\/span><\/label><\/li><li><label><input type=\"checkbox\" value=\"63\"  \/>Saguenay-Lac-St-Jean&nbsp;<span>(8)<\/span><\/label><\/li><li><label><input type=\"checkbox\" value=\"48\"  \/>Bas-St-Laurent&nbsp;<span>(6)<\/span><\/label><\/li><\/div><\/div><\/ul>\t\t\t\t\t\t\t\t<\/div>\r\n\t\t\t\t\t\t\t<\/div>\r\n\t\t\t\t\t\t\r\n\t\t\t\t\t\t\r\n\t\t\t\t\t\t<div id=\"locator-services\" class=\"inline-block valign-bottom\">\r\n\r\n\t\t\t\t\t\t\t<div class=\"callout notice-audioprosthesis\">\r\n\t\t\t\t\t\t\t\tFor a greater choice of clinics offering audioprosthesis services, consult our partner\u2019s web site at <a href='http:\/\/legroupeforget.com\/en\/find-a-clinic\/' title='Groupe Forget' target='_blank'>www.groupeforget.com<\/a>\t\t\t\t\t\t\t<\/div>\r\n\r\n\t\t\t\t\t\t\t<div class=\"wpsl-input\">\r\n\t\t\t\t\t\t\t\t\r\n\t\t\t\t\t\t\t\t\t\t\t\t\t\t\t\t<div id=\"services-list\" class=\"relative\">\r\n\r\n\t\t\t\t\t\t\t\t\t<div><label>Type of services<\/label><\/div>\r\n\t\t\t\t\t\t\t\t\t<a data-toggle=\"wpsl-checkbox-filter\" href=\"#\" id=\"services-list-title\">\r\n\t\t\t\t\t\t\t\t\t\t<span data-context=\"all\">Select service(s)<\/span>\r\n\t\t\t\t\t\t\t\t\t\t<span data-context=\"multiple\" >Multiple services<\/span>\r\n\t\t\t\t\t\t\t\t\t\t<span data-context=\"one\"><\/span>\r\n\t\t\t\t\t\t\t\t\t\t<i class=\"fa fa-angle-down\"><\/i>\r\n\t\t\t\t\t\t\t\t\t<\/a>\r\n\r\n\t\t\t\t\t\t\t\t\t<ul id=\"wpsl-checkbox-filter\" data-toggler data-animate=\"fade-in fade-out\">\r\n\t\t\t\t\t\t\t\t\t\t\t\t\t\t\t\t\t\t\t\t\t<li data-value=\"3\">\r\n\t\t\t\t\t\t\t\t\t\t\t\t<input type=\"checkbox\"\r\n\t\t\t\t\t\t\t\t\t\t\t\t       value=\"3\"\r\n\t\t\t\t\t\t\t\t\t\t\t\t       id=\"chk_3\"\r\n\t\t\t\t\t\t\t\t\t\t\t\t       name=\"services[]\"\r\n\t\t\t\t\t\t\t\t\t\t\t\t\t\t\t\t\t\t\t\t\t\t\t\t\t\t>\r\n\t\t\t\t\t\t\t\t\t\t\t\t<label for=\"chk_3\">\r\n\t\t\t\t\t\t\t\t\t\t\t\t\tENT medicine *\t\t\t\t\t\t\t\t\t\t\t\t\t<div class=\"service-desc\">\r\n\t\t\t\t\t\t\t\t\t\t\t\t\t\t\t\t\t\t\t\t\t\t\t\t\t\t\t<\/div>\r\n\t\t\t\t\t\t\t\t\t\t\t\t<\/label>\r\n\t\t\t\t\t\t\t\t\t\t\t<\/li>\r\n\t\t\t\t\t\t\t\t\t\t\t\t\t\t\t\t\t\t\t\t\t<li data-value=\"4\">\r\n\t\t\t\t\t\t\t\t\t\t\t\t<input type=\"checkbox\"\r\n\t\t\t\t\t\t\t\t\t\t\t\t       value=\"4\"\r\n\t\t\t\t\t\t\t\t\t\t\t\t       id=\"chk_4\"\r\n\t\t\t\t\t\t\t\t\t\t\t\t       name=\"services[]\"\r\n\t\t\t\t\t\t\t\t\t\t\t\t\t\t\t\t\t\t\t\t\t\t\t\t\t\t>\r\n\t\t\t\t\t\t\t\t\t\t\t\t<label for=\"chk_4\">\r\n\t\t\t\t\t\t\t\t\t\t\t\t\tGeneral audiology\t\t\t\t\t\t\t\t\t\t\t\t\t<div class=\"service-desc\">\r\n\t\t\t\t\t\t\t\t\t\t\t\t\t\t\t\t\t\t\t\t\t\t\t\t\t\t\t\t\t(5\u00a0years old + and adults)\r\n<span>Hearing test<\/span>\r\n<span>Tinnitus assessment<\/span>\r\n<span>Assessment and rehabilitation of auditory processing disorders (APDs)<\/span>\t\t\t\t\t\t\t\t\t\t\t\t\t\t\t\t\t\t\t\t\t\t\t\t\t\t\t<\/div>\r\n\t\t\t\t\t\t\t\t\t\t\t\t<\/label>\r\n\t\t\t\t\t\t\t\t\t\t\t<\/li>\r\n\t\t\t\t\t\t\t\t\t\t\t\t\t\t\t\t\t\t\t\t\t<li data-value=\"5\">\r\n\t\t\t\t\t\t\t\t\t\t\t\t<input type=\"checkbox\"\r\n\t\t\t\t\t\t\t\t\t\t\t\t       value=\"5\"\r\n\t\t\t\t\t\t\t\t\t\t\t\t       id=\"chk_5\"\r\n\t\t\t\t\t\t\t\t\t\t\t\t       name=\"services[]\"\r\n\t\t\t\t\t\t\t\t\t\t\t\t\t\t\t\t\t\t\t\t\t\t\t\t\t\t>\r\n\t\t\t\t\t\t\t\t\t\t\t\t<label for=\"chk_5\">\r\n\t\t\t\t\t\t\t\t\t\t\t\t\tPediatric audiology\t\t\t\t\t\t\t\t\t\t\t\t\t<div class=\"service-desc\">\r\n\t\t\t\t\t\t\t\t\t\t\t\t\t\t\t\t\t\t\t\t\t\t\t\t\t\t\t\t\t(0-4 years old)\r\n<span>Specialized hearing test<\/span>\t\t\t\t\t\t\t\t\t\t\t\t\t\t\t\t\t\t\t\t\t\t\t\t\t\t\t<\/div>\r\n\t\t\t\t\t\t\t\t\t\t\t\t<\/label>\r\n\t\t\t\t\t\t\t\t\t\t\t<\/li>\r\n\t\t\t\t\t\t\t\t\t\t\t\t\t\t\t\t\t\t\t\t\t<li data-value=\"913\">\r\n\t\t\t\t\t\t\t\t\t\t\t\t<input type=\"checkbox\"\r\n\t\t\t\t\t\t\t\t\t\t\t\t       value=\"913\"\r\n\t\t\t\t\t\t\t\t\t\t\t\t       id=\"chk_913\"\r\n\t\t\t\t\t\t\t\t\t\t\t\t       name=\"services[]\"\r\n\t\t\t\t\t\t\t\t\t\t\t\t\t\t\t\t\t\t\t\t\t\t\t\t\t\t>\r\n\t\t\t\t\t\t\t\t\t\t\t\t<label for=\"chk_913\">\r\n\t\t\t\t\t\t\t\t\t\t\t\t\tNewborn audiology\t\t\t\t\t\t\t\t\t\t\t\t\t<div class=\"service-desc\">\r\n\t\t\t\t\t\t\t\t\t\t\t\t\t\t\t\t\t\t\t\t\t\t\t\t\t\t\t\t\t(0-8 months)\r\nHearing Screening\t\t\t\t\t\t\t\t\t\t\t\t\t\t\t\t\t\t\t\t\t\t\t\t\t\t\t<\/div>\r\n\t\t\t\t\t\t\t\t\t\t\t\t<\/label>\r\n\t\t\t\t\t\t\t\t\t\t\t<\/li>\r\n\t\t\t\t\t\t\t\t\t\t\t\t\t\t\t\t\t\t\t\t\t<li data-value=\"6\">\r\n\t\t\t\t\t\t\t\t\t\t\t\t<input type=\"checkbox\"\r\n\t\t\t\t\t\t\t\t\t\t\t\t       value=\"6\"\r\n\t\t\t\t\t\t\t\t\t\t\t\t       id=\"chk_6\"\r\n\t\t\t\t\t\t\t\t\t\t\t\t       name=\"services[]\"\r\n\t\t\t\t\t\t\t\t\t\t\t\t\t\t\t\t\t\t\t\t\t\t\t\t\t\t>\r\n\t\t\t\t\t\t\t\t\t\t\t\t<label for=\"chk_6\">\r\n\t\t\t\t\t\t\t\t\t\t\t\t\tAudioprosthesis\t\t\t\t\t\t\t\t\t\t\t\t\t<div class=\"service-desc\">\r\n\t\t\t\t\t\t\t\t\t\t\t\t\t\t\t\t\t\t\t\t\t\t\t\t\t\t\t<\/div>\r\n\t\t\t\t\t\t\t\t\t\t\t\t<\/label>\r\n\t\t\t\t\t\t\t\t\t\t\t<\/li>\r\n\t\t\t\t\t\t\t\t\t\t\t\t\t\t\t\t\t\t\t<\/ul>\r\n\t\t\t\t\t\t\t\t<\/div>\r\n\t\t\t\t\t\t\t\t\r\n\t\t\t\t\t\t\t<\/div>\r\n\r\n\t\t\t\t\t\t\t<div class=\"wpsl-search-btn-wrap\">\r\n\t\t\t\t\t\t\t\t<button id=\"wpsl-search-btn\" type=\"submit\" value=\"Search\" class=\"button\">Search<\/button>\r\n\t\t\t\t\t\t\t<\/div>\r\n\t\t\t\t\t\t<\/div>\r\n\t\t\t\t\t<\/form>\r\n\t\t\t\t<\/div>\r\n\t\t\t<\/div>\r\n\t\t<\/div>\r\n\r\n\t\t<div class=\"wpsl-results-wrap\" class=\"relative\">\r\n\t\t\t\t\t\t\t<div id=\"wpsl-gmap\" class=\"wpsl-gmap-canvas\"><\/div>\r\n\t\t\t\r\n\t\t\t<div id=\"wpsl-result-list\" class=\"alpha-transparency\">\r\n\t\t\t\t<div id=\"wpsl-stores\" >\r\n\t\t\t\t\t\r\n\t\t\t\t\t<div class=\"wpsl-results-count\" style=\"display: none;\"><span class=\"total_count\">0<\/span> result(s)<\/div>\r\n\t\t\t\t\t<ul><\/ul>\r\n\t\t\t\t<\/div>\r\n\t\t\t\t<div id=\"wpsl-direction-details\">\r\n\t\t\t\t\t<ul><\/ul>\r\n\t\t\t\t<\/div>\r\n\t\t\t<\/div>\r\n\t\t<\/div>\r\n\r\n\t<\/div>\r\n\r\n\n","protected":false},"excerpt":{"rendered":"Find a clinic nearby Find a clinic by region Your location Use mycurrent position Capitale nationale&nbsp;(7)Centre-du-Qu\u00e9bec&nbsp;(2)Chaudi\u00e8res-Appalaches&nbsp;(2)C\u00f4te-Nord&nbsp;(2)Estrie&nbsp;(2)Gasp\u00e9sie-\u00celes-de-la-Madeleine&nbsp;(4)Lanaudi\u00e8re&nbsp;(2)Laurentides&nbsp;(7)Laval&nbsp;(2)Mauricie&nbsp;(2)Mont\u00e9r\u00e9gie&nbsp;(13)Montr\u00e9al&nbsp;(9)Nord-du-Qu\u00e9bec&nbsp;(1)Outaouais&nbsp;(6)Saguenay-Lac-St-Jean&nbsp;(8)Bas-St-Laurent&nbsp;(6) For a greater choice of clinics offering audioprosthesis services, consult our partner\u2019s web site at www.groupeforget.com Type of services Select service(s) Multiple services ENT medicine * General audiology (5\u00a0years old + and adults) Hearing test Tinnitus assessment Assessment and [...]","protected":false},"author":53,"featured_media":0,"parent":0,"menu_order":0,"comment_status":"closed","ping_status":"closed","template":"template-store-locator.php","meta":{"_acf_changed":false,"footnotes":""},"class_list":["post-9","page","type-page","status-publish","hentry"],"acf":[],"yoast_head":"<!-- This site is optimized with the Yoast SEO plugin v27.4 - https:\/\/yoast.com\/product\/yoast-seo-wordpress\/ -->\n<title>Find a clinic - Polyclinique de l&#039;Oreille<\/title>\n<meta name=\"description\" content=\"Find a clinic nearby, based on your location or your region! With more than 55 clinics, Polyclinique de l&#039;Oreille is the largest network for hearing health.\" \/>\n<meta name=\"robots\" content=\"index, follow, max-snippet:-1, max-image-preview:large, max-video-preview:-1\" \/>\n<link rel=\"canonical\" href=\"https:\/\/www.polycliniquedeloreille.com\/en\/find-a-clinic\" \/>\n<meta property=\"og:locale\" content=\"en_US\" \/>\n<meta property=\"og:type\" content=\"article\" \/>\n<meta property=\"og:title\" content=\"Find a clinic - Polyclinique de l&#039;Oreille\" \/>\n<meta property=\"og:description\" content=\"Find a clinic nearby, based on your location or your region! With more than 55 clinics, Polyclinique de l&#039;Oreille is the largest network for hearing health.\" \/>\n<meta property=\"og:url\" content=\"https:\/\/www.polycliniquedeloreille.com\/en\/find-a-clinic\" \/>\n<meta property=\"og:site_name\" content=\"Polyclinique de l&#039;Oreille\" \/>\n<meta property=\"article:publisher\" content=\"https:\/\/www.facebook.com\/polycliniquedeloreille\/\" \/>\n<meta property=\"article:modified_time\" content=\"2017-01-31T20:54:22+00:00\" \/>\n<meta name=\"twitter:card\" content=\"summary_large_image\" \/>\n<script type=\"application\/ld+json\" class=\"yoast-schema-graph\">{\"@context\":\"https:\\\/\\\/schema.org\",\"@graph\":[{\"@type\":\"WebPage\",\"@id\":\"https:\\\/\\\/www.polycliniquedeloreille.com\\\/en\\\/find-a-clinic\",\"url\":\"https:\\\/\\\/www.polycliniquedeloreille.com\\\/en\\\/find-a-clinic\",\"name\":\"Find a clinic - Polyclinique de l&#039;Oreille\",\"isPartOf\":{\"@id\":\"https:\\\/\\\/www.polycliniquedeloreille.com\\\/#website\"},\"datePublished\":\"2016-06-27T16:13:17+00:00\",\"dateModified\":\"2017-01-31T20:54:22+00:00\",\"description\":\"Find a clinic nearby, based on your location or your region! With more than 55 clinics, Polyclinique de l'Oreille is the largest network for hearing health.\",\"breadcrumb\":{\"@id\":\"https:\\\/\\\/www.polycliniquedeloreille.com\\\/en\\\/find-a-clinic#breadcrumb\"},\"inLanguage\":\"en-US\",\"potentialAction\":[{\"@type\":\"ReadAction\",\"target\":[\"https:\\\/\\\/www.polycliniquedeloreille.com\\\/en\\\/find-a-clinic\"]}]},{\"@type\":\"BreadcrumbList\",\"@id\":\"https:\\\/\\\/www.polycliniquedeloreille.com\\\/en\\\/find-a-clinic#breadcrumb\",\"itemListElement\":[{\"@type\":\"ListItem\",\"position\":1,\"name\":\"Home\",\"item\":\"https:\\\/\\\/www.polycliniquedeloreille.com\\\/en\"},{\"@type\":\"ListItem\",\"position\":2,\"name\":\"Find a clinic\"}]},{\"@type\":\"WebSite\",\"@id\":\"https:\\\/\\\/www.polycliniquedeloreille.com\\\/#website\",\"url\":\"https:\\\/\\\/www.polycliniquedeloreille.com\\\/\",\"name\":\"Polyclinique de l'Oreille\",\"description\":\"La Polyclinique de l&#039;Oreille\",\"publisher\":{\"@id\":\"https:\\\/\\\/www.polycliniquedeloreille.com\\\/#organization\"},\"potentialAction\":[{\"@type\":\"SearchAction\",\"target\":{\"@type\":\"EntryPoint\",\"urlTemplate\":\"https:\\\/\\\/www.polycliniquedeloreille.com\\\/?s={search_term_string}\"},\"query-input\":{\"@type\":\"PropertyValueSpecification\",\"valueRequired\":true,\"valueName\":\"search_term_string\"}}],\"inLanguage\":\"en-US\"},{\"@type\":\"Organization\",\"@id\":\"https:\\\/\\\/www.polycliniquedeloreille.com\\\/#organization\",\"name\":\"Polyclinique de l'Oreille\",\"url\":\"https:\\\/\\\/www.polycliniquedeloreille.com\\\/\",\"logo\":{\"@type\":\"ImageObject\",\"inLanguage\":\"en-US\",\"@id\":\"https:\\\/\\\/www.polycliniquedeloreille.com\\\/#\\\/schema\\\/logo\\\/image\\\/\",\"url\":\"https:\\\/\\\/www.polycliniquedeloreille.com\\\/wp-content\\\/uploads\\\/2021\\\/02\\\/polyclinique_logo2x.jpg\",\"contentUrl\":\"https:\\\/\\\/www.polycliniquedeloreille.com\\\/wp-content\\\/uploads\\\/2021\\\/02\\\/polyclinique_logo2x.jpg\",\"width\":402,\"height\":84,\"caption\":\"Polyclinique de l'Oreille\"},\"image\":{\"@id\":\"https:\\\/\\\/www.polycliniquedeloreille.com\\\/#\\\/schema\\\/logo\\\/image\\\/\"},\"sameAs\":[\"https:\\\/\\\/www.facebook.com\\\/polycliniquedeloreille\\\/\"]}]}<\/script>\n<!-- \/ Yoast SEO plugin. -->","yoast_head_json":{"title":"Find a clinic - Polyclinique de l&#039;Oreille","description":"Find a clinic nearby, based on your location or your region! With more than 55 clinics, Polyclinique de l'Oreille is the largest network for hearing health.","robots":{"index":"index","follow":"follow","max-snippet":"max-snippet:-1","max-image-preview":"max-image-preview:large","max-video-preview":"max-video-preview:-1"},"canonical":"https:\/\/www.polycliniquedeloreille.com\/en\/find-a-clinic","og_locale":"en_US","og_type":"article","og_title":"Find a clinic - Polyclinique de l&#039;Oreille","og_description":"Find a clinic nearby, based on your location or your region! With more than 55 clinics, Polyclinique de l'Oreille is the largest network for hearing health.","og_url":"https:\/\/www.polycliniquedeloreille.com\/en\/find-a-clinic","og_site_name":"Polyclinique de l&#039;Oreille","article_publisher":"https:\/\/www.facebook.com\/polycliniquedeloreille\/","article_modified_time":"2017-01-31T20:54:22+00:00","twitter_card":"summary_large_image","schema":{"@context":"https:\/\/schema.org","@graph":[{"@type":"WebPage","@id":"https:\/\/www.polycliniquedeloreille.com\/en\/find-a-clinic","url":"https:\/\/www.polycliniquedeloreille.com\/en\/find-a-clinic","name":"Find a clinic - Polyclinique de l&#039;Oreille","isPartOf":{"@id":"https:\/\/www.polycliniquedeloreille.com\/#website"},"datePublished":"2016-06-27T16:13:17+00:00","dateModified":"2017-01-31T20:54:22+00:00","description":"Find a clinic nearby, based on your location or your region! With more than 55 clinics, Polyclinique de l'Oreille is the largest network for hearing health.","breadcrumb":{"@id":"https:\/\/www.polycliniquedeloreille.com\/en\/find-a-clinic#breadcrumb"},"inLanguage":"en-US","potentialAction":[{"@type":"ReadAction","target":["https:\/\/www.polycliniquedeloreille.com\/en\/find-a-clinic"]}]},{"@type":"BreadcrumbList","@id":"https:\/\/www.polycliniquedeloreille.com\/en\/find-a-clinic#breadcrumb","itemListElement":[{"@type":"ListItem","position":1,"name":"Home","item":"https:\/\/www.polycliniquedeloreille.com\/en"},{"@type":"ListItem","position":2,"name":"Find a clinic"}]},{"@type":"WebSite","@id":"https:\/\/www.polycliniquedeloreille.com\/#website","url":"https:\/\/www.polycliniquedeloreille.com\/","name":"Polyclinique de l'Oreille","description":"La Polyclinique de l&#039;Oreille","publisher":{"@id":"https:\/\/www.polycliniquedeloreille.com\/#organization"},"potentialAction":[{"@type":"SearchAction","target":{"@type":"EntryPoint","urlTemplate":"https:\/\/www.polycliniquedeloreille.com\/?s={search_term_string}"},"query-input":{"@type":"PropertyValueSpecification","valueRequired":true,"valueName":"search_term_string"}}],"inLanguage":"en-US"},{"@type":"Organization","@id":"https:\/\/www.polycliniquedeloreille.com\/#organization","name":"Polyclinique de l'Oreille","url":"https:\/\/www.polycliniquedeloreille.com\/","logo":{"@type":"ImageObject","inLanguage":"en-US","@id":"https:\/\/www.polycliniquedeloreille.com\/#\/schema\/logo\/image\/","url":"https:\/\/www.polycliniquedeloreille.com\/wp-content\/uploads\/2021\/02\/polyclinique_logo2x.jpg","contentUrl":"https:\/\/www.polycliniquedeloreille.com\/wp-content\/uploads\/2021\/02\/polyclinique_logo2x.jpg","width":402,"height":84,"caption":"Polyclinique de l'Oreille"},"image":{"@id":"https:\/\/www.polycliniquedeloreille.com\/#\/schema\/logo\/image\/"},"sameAs":["https:\/\/www.facebook.com\/polycliniquedeloreille\/"]}]}},"_links":{"self":[{"href":"https:\/\/www.polycliniquedeloreille.com\/en\/wp-json\/wp\/v2\/pages\/9","targetHints":{"allow":["GET"]}}],"collection":[{"href":"https:\/\/www.polycliniquedeloreille.com\/en\/wp-json\/wp\/v2\/pages"}],"about":[{"href":"https:\/\/www.polycliniquedeloreille.com\/en\/wp-json\/wp\/v2\/types\/page"}],"author":[{"embeddable":true,"href":"https:\/\/www.polycliniquedeloreille.com\/en\/wp-json\/wp\/v2\/users\/53"}],"replies":[{"embeddable":true,"href":"https:\/\/www.polycliniquedeloreille.com\/en\/wp-json\/wp\/v2\/comments?post=9"}],"version-history":[{"count":5,"href":"https:\/\/www.polycliniquedeloreille.com\/en\/wp-json\/wp\/v2\/pages\/9\/revisions"}],"predecessor-version":[{"id":389,"href":"https:\/\/www.polycliniquedeloreille.com\/en\/wp-json\/wp\/v2\/pages\/9\/revisions\/389"}],"wp:attachment":[{"href":"https:\/\/www.polycliniquedeloreille.com\/en\/wp-json\/wp\/v2\/media?parent=9"}],"curies":[{"name":"wp","href":"https:\/\/api.w.org\/{rel}","templated":true}]}}